{"id":32,"date":"2020-04-13T11:18:50","date_gmt":"2020-04-13T11:18:50","guid":{"rendered":"https:\/\/smrappweb.es\/?page_id=32"},"modified":"2025-09-08T20:32:46","modified_gmt":"2025-09-08T18:32:46","slug":"services","status":"publish","type":"page","link":"https:\/\/smrappweb.es\/?page_id=32","title":{"rendered":"Services"},"content":{"rendered":"\t\t<div data-elementor-type=\"wp-page\" data-elementor-id=\"32\" class=\"elementor elementor-32\">\n\t\t\t\t\t\t<section class=\"elementor-section elementor-top-section elementor-element elementor-element-1b0a5d33 elementor-section-boxed elementor-section-height-default elementor-section-height-default\" data-id=\"1b0a5d33\" data-element_type=\"section\" data-settings=\"{&quot;background_background&quot;:&quot;classic&quot;}\">\n\t\t\t\t\t\t\t<div class=\"elementor-background-overlay\"><\/div>\n\t\t\t\t\t\t\t<div class=\"elementor-container elementor-column-gap-default\">\n\t\t\t\t\t<div class=\"elementor-column elementor-col-100 elementor-top-column elementor-element elementor-element-1f841ba\" data-id=\"1f841ba\" data-element_type=\"column\">\n\t\t\t<div class=\"elementor-widget-wrap elementor-element-populated\">\n\t\t\t\t\t\t<div class=\"elementor-element elementor-element-365ba0bd elementor-widget elementor-widget-heading\" data-id=\"365ba0bd\" data-element_type=\"widget\" data-widget_type=\"heading.default\">\n\t\t\t\t<div class=\"elementor-widget-container\">\n\t\t\t\t\t<h1 class=\"elementor-heading-title elementor-size-default\">cursos<\/h1>\t\t\t\t<\/div>\n\t\t\t\t<\/div>\n\t\t\t\t\t<\/div>\n\t\t<\/div>\n\t\t\t\t\t<\/div>\n\t\t<\/section>\n\t\t\t\t<section class=\"elementor-section elementor-top-section elementor-element elementor-element-ad8da34 elementor-section-boxed elementor-section-height-default elementor-section-height-default\" data-id=\"ad8da34\" data-element_type=\"section\">\n\t\t\t\t\t\t<div class=\"elementor-container elementor-column-gap-no\">\n\t\t\t\t\t<div class=\"elementor-column elementor-col-50 elementor-top-column elementor-element elementor-element-932032b\" data-id=\"932032b\" data-element_type=\"column\">\n\t\t\t<div class=\"elementor-widget-wrap elementor-element-populated\">\n\t\t\t\t\t\t<div class=\"elementor-element elementor-element-dc9bcbc elementor-widget elementor-widget-image\" data-id=\"dc9bcbc\" data-element_type=\"widget\" data-widget_type=\"image.default\">\n\t\t\t\t<div class=\"elementor-widget-container\">\n\t\t\t\t\t\t\t\t\t\t\t\t\t\t\t\t<a href=\"https:\/\/smrappweb.es\/?page_id=1073\">\n\t\t\t\t\t\t\t<img fetchpriority=\"high\" decoding=\"async\" width=\"1024\" height=\"576\" src=\"https:\/\/smrappweb.es\/wp-content\/uploads\/2025\/09\/Competencia-Digital-II-1024x576.png\" class=\"attachment-large size-large wp-image-1069\" alt=\"\" srcset=\"https:\/\/smrappweb.es\/wp-content\/uploads\/2025\/09\/Competencia-Digital-II-1024x576.png 1024w, https:\/\/smrappweb.es\/wp-content\/uploads\/2025\/09\/Competencia-Digital-II-300x169.png 300w, https:\/\/smrappweb.es\/wp-content\/uploads\/2025\/09\/Competencia-Digital-II-768x432.png 768w, https:\/\/smrappweb.es\/wp-content\/uploads\/2025\/09\/Competencia-Digital-II.png 1280w\" sizes=\"(max-width: 1024px) 100vw, 1024px\" \/>\t\t\t\t\t\t\t\t<\/a>\n\t\t\t\t\t\t\t\t\t\t\t\t\t\t\t<\/div>\n\t\t\t\t<\/div>\n\t\t\t\t\t<\/div>\n\t\t<\/div>\n\t\t\t\t<div class=\"elementor-column elementor-col-50 elementor-top-column elementor-element elementor-element-4642961\" data-id=\"4642961\" data-element_type=\"column\">\n\t\t\t<div class=\"elementor-widget-wrap elementor-element-populated\">\n\t\t\t\t\t\t<div class=\"elementor-element elementor-element-1ca9e50 elementor-widget elementor-widget-image-box\" data-id=\"1ca9e50\" data-element_type=\"widget\" data-widget_type=\"image-box.default\">\n\t\t\t\t<div class=\"elementor-widget-container\">\n\t\t\t\t\t<div class=\"elementor-image-box-wrapper\"><div class=\"elementor-image-box-content\"><h2 class=\"elementor-image-box-title\">Competencia Digital II<\/h2><\/div><\/div>\t\t\t\t<\/div>\n\t\t\t\t<\/div>\n\t\t\t\t<div class=\"elementor-element elementor-element-1fed048 elementor-widget elementor-widget-text-editor\" data-id=\"1fed048\" data-element_type=\"widget\" data-widget_type=\"text-editor.default\">\n\t\t\t\t<div class=\"elementor-widget-container\">\n\t\t\t\t\t\t\t\t\t<p style=\"text-align: justify;\"> En la asignatura de Competencia Digital 2, mejorar\u00e1s tus habilidades digitales tanto en el \u00e1mbito profesional como personal. Aprender\u00e1s a manejar con soltura <strong>Word, Excel y PowerPoint<\/strong>, creando documentos complejos, organizando datos con f\u00f3rmulas y gr\u00e1ficos, y desarrollando presentaciones din\u00e1micas e interactivas.\n<\/p>\n<p style=\"text-align: justify;\">\nAdem\u00e1s, profundizar\u00e1s en el uso de <strong>smartphones Android<\/strong>, conect\u00e1ndolos con el ordenador para compartir archivos, editar im\u00e1genes y videos, y aprovechar aplicaciones \u00fatiles en tu d\u00eda a d\u00eda. Tambi\u00e9n abordaremos herramientas colaborativas en la <strong>nube<\/strong>, gesti\u00f3n avanzada de <strong>correo electr\u00f3nico<\/strong> y aspectos fundamentales de<strong> seguridad en internet<\/strong>, para que trabajes y navegues con confianza.\n<\/p>\n<p style=\"text-align: justify;\">\nEste curso est\u00e1 dise\u00f1ado para quienes ya tienen conocimientos b\u00e1sicos y quieren perfeccionar sus competencias digitales en un entorno pr\u00e1ctico y accesible. \t\t\t\t\t\t\t\t<\/div>\n\t\t\t\t<\/div>\n\t\t\t\t<div class=\"elementor-element elementor-element-9668272 elementor-widget elementor-widget-button\" data-id=\"9668272\" data-element_type=\"widget\" data-widget_type=\"button.default\">\n\t\t\t\t<div class=\"elementor-widget-container\">\n\t\t\t\t\t\t\t\t\t<div class=\"elementor-button-wrapper\">\n\t\t\t\t\t<a class=\"elementor-button elementor-button-link elementor-size-sm\" href=\"https:\/\/smrappweb.es\/?page_id=1073\" target=\"_blank\">\n\t\t\t\t\t\t<span class=\"elementor-button-content-wrapper\">\n\t\t\t\t\t\t\t\t\t<span class=\"elementor-button-text\">ir al curso<\/span>\n\t\t\t\t\t<\/span>\n\t\t\t\t\t<\/a>\n\t\t\t\t<\/div>\n\t\t\t\t\t\t\t\t<\/div>\n\t\t\t\t<\/div>\n\t\t\t\t\t<\/div>\n\t\t<\/div>\n\t\t\t\t\t<\/div>\n\t\t<\/section>\n\t\t\t\t<section class=\"elementor-section elementor-top-section elementor-element elementor-element-4d2c9e9 elementor-reverse-mobile elementor-section-boxed elementor-section-height-default elementor-section-height-default\" data-id=\"4d2c9e9\" data-element_type=\"section\">\n\t\t\t\t\t\t<div class=\"elementor-container elementor-column-gap-no\">\n\t\t\t\t\t<div class=\"elementor-column elementor-col-50 elementor-top-column elementor-element elementor-element-1148300\" data-id=\"1148300\" data-element_type=\"column\">\n\t\t\t<div class=\"elementor-widget-wrap elementor-element-populated\">\n\t\t\t\t\t\t<div class=\"elementor-element elementor-element-f142ca0 elementor-widget elementor-widget-image-box\" data-id=\"f142ca0\" data-element_type=\"widget\" data-widget_type=\"image-box.default\">\n\t\t\t\t<div class=\"elementor-widget-container\">\n\t\t\t\t\t<div class=\"elementor-image-box-wrapper\"><div class=\"elementor-image-box-content\"><h2 class=\"elementor-image-box-title\">Ofim\u00e1tica b\u00e1sica<\/h2><\/div><\/div>\t\t\t\t<\/div>\n\t\t\t\t<\/div>\n\t\t\t\t<div class=\"elementor-element elementor-element-4164787 elementor-widget elementor-widget-text-editor\" data-id=\"4164787\" data-element_type=\"widget\" data-widget_type=\"text-editor.default\">\n\t\t\t\t<div class=\"elementor-widget-container\">\n\t\t\t\t\t\t\t\t\t<p style=\"text-align: justify;\">En la asignatura de Ofim\u00e1tica B\u00e1sica para personas mayores, aprender\u00e1s a manejar las herramientas esenciales del mundo digital. Te ense\u00f1aremos a manejarte con soltura por tu <strong>sistema operativo Windows<\/strong>, a utilizar programas como <strong>Word<\/strong> para escribir y editar documentos, <strong>Excel<\/strong> para organizar datos, y <strong>PowerPoint<\/strong> para crear presentaciones.<\/p>\n<p style=\"text-align: justify;\">Adem\u00e1s, aprender\u00e1s a <strong>navegar por internet,<\/strong> gestionar tu <strong>correo electr\u00f3nico<\/strong> y mantenerte en contacto con familiares y amigos a trav\u00e9s de <strong>redes sociales<\/strong>. No necesitas experiencia previa, solo ganas de aprender y mejorar tus habilidades tecnol\u00f3gicas en un ambiente sencillo y amigable.<\/p>\t\t\t\t\t\t\t\t<\/div>\n\t\t\t\t<\/div>\n\t\t\t\t<div class=\"elementor-element elementor-element-7334a220 elementor-widget elementor-widget-button\" data-id=\"7334a220\" data-element_type=\"widget\" data-widget_type=\"button.default\">\n\t\t\t\t<div class=\"elementor-widget-container\">\n\t\t\t\t\t\t\t\t\t<div class=\"elementor-button-wrapper\">\n\t\t\t\t\t<a class=\"elementor-button elementor-size-sm\" role=\"button\">\n\t\t\t\t\t\t<span class=\"elementor-button-content-wrapper\">\n\t\t\t\t\t\t\t\t\t<span class=\"elementor-button-text\">Ir al curso<\/span>\n\t\t\t\t\t<\/span>\n\t\t\t\t\t<\/a>\n\t\t\t\t<\/div>\n\t\t\t\t\t\t\t\t<\/div>\n\t\t\t\t<\/div>\n\t\t\t\t\t<\/div>\n\t\t<\/div>\n\t\t\t\t<div class=\"elementor-column elementor-col-50 elementor-top-column elementor-element elementor-element-7285665\" data-id=\"7285665\" data-element_type=\"column\">\n\t\t\t<div class=\"elementor-widget-wrap elementor-element-populated\">\n\t\t\t\t\t\t<div class=\"elementor-element elementor-element-508aa5f0 elementor-widget elementor-widget-image\" data-id=\"508aa5f0\" data-element_type=\"widget\" data-widget_type=\"image.default\">\n\t\t\t\t<div class=\"elementor-widget-container\">\n\t\t\t\t\t\t\t\t\t\t\t\t\t\t\t\t<a href=\"https:\/\/smrappweb.es\/?page_id=340\">\n\t\t\t\t\t\t\t<img decoding=\"async\" width=\"1024\" height=\"576\" src=\"https:\/\/smrappweb.es\/wp-content\/uploads\/2024\/09\/2-1024x576.png\" class=\"attachment-large size-large wp-image-683\" alt=\"\" srcset=\"https:\/\/smrappweb.es\/wp-content\/uploads\/2024\/09\/2-1024x576.png 1024w, https:\/\/smrappweb.es\/wp-content\/uploads\/2024\/09\/2-300x169.png 300w, https:\/\/smrappweb.es\/wp-content\/uploads\/2024\/09\/2-768x432.png 768w, https:\/\/smrappweb.es\/wp-content\/uploads\/2024\/09\/2.png 1280w\" sizes=\"(max-width: 1024px) 100vw, 1024px\" \/>\t\t\t\t\t\t\t\t<\/a>\n\t\t\t\t\t\t\t\t\t\t\t\t\t\t\t<\/div>\n\t\t\t\t<\/div>\n\t\t\t\t\t<\/div>\n\t\t<\/div>\n\t\t\t\t\t<\/div>\n\t\t<\/section>\n\t\t\t\t<section class=\"elementor-section elementor-top-section elementor-element elementor-element-8e4a0b1 elementor-section-boxed elementor-section-height-default elementor-section-height-default\" data-id=\"8e4a0b1\" data-element_type=\"section\">\n\t\t\t\t\t\t<div class=\"elementor-container elementor-column-gap-no\">\n\t\t\t\t\t<div class=\"elementor-column elementor-col-50 elementor-top-column elementor-element elementor-element-1587d5b\" data-id=\"1587d5b\" data-element_type=\"column\">\n\t\t\t<div class=\"elementor-widget-wrap elementor-element-populated\">\n\t\t\t\t\t\t<div class=\"elementor-element elementor-element-e8a166e elementor-widget elementor-widget-image\" data-id=\"e8a166e\" data-element_type=\"widget\" data-widget_type=\"image.default\">\n\t\t\t\t<div class=\"elementor-widget-container\">\n\t\t\t\t\t\t\t\t\t\t\t\t\t\t\t\t<a href=\"https:\/\/smrappweb.es\/?page_id=315\">\n\t\t\t\t\t\t\t<img decoding=\"async\" width=\"1024\" height=\"576\" src=\"https:\/\/smrappweb.es\/wp-content\/uploads\/2023\/11\/Black-Photographic-Technological-Products-YouTube-Thumbail-1-1024x576.png\" class=\"attachment-large size-large wp-image-302\" alt=\"\" srcset=\"https:\/\/smrappweb.es\/wp-content\/uploads\/2023\/11\/Black-Photographic-Technological-Products-YouTube-Thumbail-1-1024x576.png 1024w, https:\/\/smrappweb.es\/wp-content\/uploads\/2023\/11\/Black-Photographic-Technological-Products-YouTube-Thumbail-1-300x169.png 300w, https:\/\/smrappweb.es\/wp-content\/uploads\/2023\/11\/Black-Photographic-Technological-Products-YouTube-Thumbail-1-768x432.png 768w, https:\/\/smrappweb.es\/wp-content\/uploads\/2023\/11\/Black-Photographic-Technological-Products-YouTube-Thumbail-1.png 1280w\" sizes=\"(max-width: 1024px) 100vw, 1024px\" \/>\t\t\t\t\t\t\t\t<\/a>\n\t\t\t\t\t\t\t\t\t\t\t\t\t\t\t<\/div>\n\t\t\t\t<\/div>\n\t\t\t\t\t<\/div>\n\t\t<\/div>\n\t\t\t\t<div class=\"elementor-column elementor-col-50 elementor-top-column elementor-element elementor-element-f916160\" data-id=\"f916160\" data-element_type=\"column\">\n\t\t\t<div class=\"elementor-widget-wrap elementor-element-populated\">\n\t\t\t\t\t\t<div class=\"elementor-element elementor-element-3247564 elementor-widget elementor-widget-image-box\" data-id=\"3247564\" data-element_type=\"widget\" data-widget_type=\"image-box.default\">\n\t\t\t\t<div class=\"elementor-widget-container\">\n\t\t\t\t\t<div class=\"elementor-image-box-wrapper\"><div class=\"elementor-image-box-content\"><h2 class=\"elementor-image-box-title\">Ofim\u00e1tica avanzada<\/h2><\/div><\/div>\t\t\t\t<\/div>\n\t\t\t\t<\/div>\n\t\t\t\t<div class=\"elementor-element elementor-element-f56bc07 elementor-widget elementor-widget-text-editor\" data-id=\"f56bc07\" data-element_type=\"widget\" data-widget_type=\"text-editor.default\">\n\t\t\t\t<div class=\"elementor-widget-container\">\n\t\t\t\t\t\t\t\t\t<p style=\"text-align: justify;\">En la asignatura de Ofim\u00e1tica Avanzada, <strong>profundizar\u00e1s <\/strong>en el uso profesional de las herramientas digitales m\u00e1s importantes. Aprender\u00e1s a sacarle el m\u00e1ximo partido a Word, creando documentos complejos con \u00edndices, tablas, referencias y estilos avanzados; a Excel, utilizando f\u00f3rmulas, funciones, tablas y gr\u00e1ficos; y a PowerPoint, desarrollando presentaciones din\u00e1micas e interactivas con animaciones y recursos multimedia.<\/p>\n\nAdem\u00e1s, exploraremos el uso de herramientas colaborativas en la <strong>nube <\/strong>y gesti\u00f3n avanzada de <strong>correo electr\u00f3nico <\/strong>y t\u00e9cnicas para automatizar tareas y optimizar tu flujo de trabajo. Este curso est\u00e1 pensado para quienes ya tienen conocimientos b\u00e1sicos y quieren perfeccionar sus habilidades digitales.\t\t\t\t\t\t\t\t<\/div>\n\t\t\t\t<\/div>\n\t\t\t\t<div class=\"elementor-element elementor-element-f3afe26 elementor-widget elementor-widget-button\" data-id=\"f3afe26\" data-element_type=\"widget\" data-widget_type=\"button.default\">\n\t\t\t\t<div class=\"elementor-widget-container\">\n\t\t\t\t\t\t\t\t\t<div class=\"elementor-button-wrapper\">\n\t\t\t\t\t<a class=\"elementor-button elementor-size-sm\" role=\"button\">\n\t\t\t\t\t\t<span class=\"elementor-button-content-wrapper\">\n\t\t\t\t\t\t\t\t\t<span class=\"elementor-button-text\">ir al curso<\/span>\n\t\t\t\t\t<\/span>\n\t\t\t\t\t<\/a>\n\t\t\t\t<\/div>\n\t\t\t\t\t\t\t\t<\/div>\n\t\t\t\t<\/div>\n\t\t\t\t\t<\/div>\n\t\t<\/div>\n\t\t\t\t\t<\/div>\n\t\t<\/section>\n\t\t\t\t<section class=\"elementor-section elementor-top-section elementor-element elementor-element-6027d0f elementor-reverse-mobile elementor-section-boxed elementor-section-height-default elementor-section-height-default\" data-id=\"6027d0f\" data-element_type=\"section\">\n\t\t\t\t\t\t<div class=\"elementor-container elementor-column-gap-no\">\n\t\t\t\t\t<div class=\"elementor-column elementor-col-50 elementor-top-column elementor-element elementor-element-355c572\" data-id=\"355c572\" data-element_type=\"column\">\n\t\t\t<div class=\"elementor-widget-wrap elementor-element-populated\">\n\t\t\t\t\t\t<div class=\"elementor-element elementor-element-feeaa45 elementor-widget elementor-widget-image-box\" data-id=\"feeaa45\" data-element_type=\"widget\" data-widget_type=\"image-box.default\">\n\t\t\t\t<div class=\"elementor-widget-container\">\n\t\t\t\t\t<div class=\"elementor-image-box-wrapper\"><div class=\"elementor-image-box-content\"><h2 class=\"elementor-image-box-title\">Nuevas tecnolog\u00edas<\/h2><\/div><\/div>\t\t\t\t<\/div>\n\t\t\t\t<\/div>\n\t\t\t\t<div class=\"elementor-element elementor-element-8faaf41 elementor-widget__width-initial elementor-widget elementor-widget-text-editor\" data-id=\"8faaf41\" data-element_type=\"widget\" data-widget_type=\"text-editor.default\">\n\t\t\t\t<div class=\"elementor-widget-container\">\n\t\t\t\t\t\t\t\t\t<p style=\"text-align: justify;\">En la asignatura de Nuevas Tecnolog\u00edas para personas mayores, aprender\u00e1s a dominar el uso de tu <strong>smartphone<\/strong> (m\u00f3vil) Android y a aprovechar <strong>aplicaciones<\/strong> \u00fatiles para el d\u00eda a d\u00eda. Exploraremos c\u00f3mo conectar tu m\u00f3vil con el ordenador para<strong> compartir archivos<\/strong> de manera sencilla, as\u00ed como la <strong>edici\u00f3n b\u00e1sica de im\u00e1genes y videos<\/strong> para que puedas personalizar tus recuerdos.<\/p><p style=\"text-align: justify;\">Tambi\u00e9n abordaremos aspectos fundamentales de la <strong>seguridad en internet<\/strong>, para que navegues y utilices tus dispositivos con confianza. Este curso est\u00e1 dise\u00f1ado para que adquieras habilidades digitales en un entorno accesible y pr\u00e1ctico.<\/p>\t\t\t\t\t\t\t\t<\/div>\n\t\t\t\t<\/div>\n\t\t\t\t<div class=\"elementor-element elementor-element-882c271 elementor-widget elementor-widget-button\" data-id=\"882c271\" data-element_type=\"widget\" data-widget_type=\"button.default\">\n\t\t\t\t<div class=\"elementor-widget-container\">\n\t\t\t\t\t\t\t\t\t<div class=\"elementor-button-wrapper\">\n\t\t\t\t\t<a class=\"elementor-button elementor-size-sm\" role=\"button\">\n\t\t\t\t\t\t<span class=\"elementor-button-content-wrapper\">\n\t\t\t\t\t\t\t\t\t<span class=\"elementor-button-text\">Ir al curso<\/span>\n\t\t\t\t\t<\/span>\n\t\t\t\t\t<\/a>\n\t\t\t\t<\/div>\n\t\t\t\t\t\t\t\t<\/div>\n\t\t\t\t<\/div>\n\t\t\t\t\t<\/div>\n\t\t<\/div>\n\t\t\t\t<div class=\"elementor-column elementor-col-50 elementor-top-column elementor-element elementor-element-623a32c\" data-id=\"623a32c\" data-element_type=\"column\">\n\t\t\t<div class=\"elementor-widget-wrap elementor-element-populated\">\n\t\t\t\t\t\t<div class=\"elementor-element elementor-element-628e670 elementor-widget elementor-widget-image\" data-id=\"628e670\" data-element_type=\"widget\" data-widget_type=\"image.default\">\n\t\t\t\t<div class=\"elementor-widget-container\">\n\t\t\t\t\t\t\t\t\t\t\t\t\t\t\t\t<a href=\"https:\/\/smrappweb.es\/?page_id=348\">\n\t\t\t\t\t\t\t<img loading=\"lazy\" decoding=\"async\" width=\"1024\" height=\"576\" src=\"https:\/\/smrappweb.es\/wp-content\/uploads\/2024\/09\/1-1024x576.png\" class=\"attachment-large size-large wp-image-682\" alt=\"\" srcset=\"https:\/\/smrappweb.es\/wp-content\/uploads\/2024\/09\/1-1024x576.png 1024w, https:\/\/smrappweb.es\/wp-content\/uploads\/2024\/09\/1-300x169.png 300w, https:\/\/smrappweb.es\/wp-content\/uploads\/2024\/09\/1-768x432.png 768w, https:\/\/smrappweb.es\/wp-content\/uploads\/2024\/09\/1.png 1280w\" sizes=\"(max-width: 1024px) 100vw, 1024px\" \/>\t\t\t\t\t\t\t\t<\/a>\n\t\t\t\t\t\t\t\t\t\t\t\t\t\t\t<\/div>\n\t\t\t\t<\/div>\n\t\t\t\t\t<\/div>\n\t\t<\/div>\n\t\t\t\t\t<\/div>\n\t\t<\/section>\n\t\t\t\t<\/div>\n\t\t","protected":false},"excerpt":{"rendered":"<p>cursos Competencia Digital II En la asignatura de Competencia Digital 2, mejorar\u00e1s tus habilidades digitales tanto en el \u00e1mbito profesional como personal. Aprender\u00e1s a manejar con soltura Word, Excel y PowerPoint, creando documentos complejos, organizando datos con f\u00f3rmulas y gr\u00e1ficos, y desarrollando presentaciones din\u00e1micas e interactivas. Adem\u00e1s, profundizar\u00e1s en el uso de smartphones Android, conect\u00e1ndolos &hellip;<\/p>\n<p class=\"read-more\"> <a class=\"\" href=\"https:\/\/smrappweb.es\/?page_id=32\"> <span class=\"screen-reader-text\">Services<\/span> Read More &raquo;<\/a><\/p>\n","protected":false},"author":1,"featured_media":0,"parent":0,"menu_order":0,"comment_status":"closed","ping_status":"closed","template":"","meta":{"site-sidebar-layout":"no-sidebar","site-content-layout":"page-builder","ast-site-content-layout":"","site-content-style":"default","site-sidebar-style":"default","ast-global-header-display":"","ast-banner-title-visibility":"","ast-main-header-display":"","ast-hfb-above-header-display":"","ast-hfb-below-header-display":"","ast-hfb-mobile-header-display":"","site-post-title":"disabled","ast-breadcrumbs-content":"","ast-featured-img":"","footer-sml-layout":"","theme-transparent-header-meta":"enabled","adv-header-id-meta":"","stick-header-meta":"","header-above-stick-meta":"","header-main-stick-meta":"","header-below-stick-meta":"","astra-migrate-meta-layouts":"","ast-page-background-enabled":"default","ast-page-background-meta":{"desktop":{"background-color":"","background-image":"","background-repeat":"repeat","background-position":"center center","background-size":"auto","background-attachment":"scroll","background-type":"","background-media":"","overlay-type":"","overlay-color":"","overlay-gradient":""},"tablet":{"background-color":"","background-image":"","background-repeat":"repeat","background-position":"center center","background-size":"auto","background-attachment":"scroll","background-type":"","background-media":"","overlay-type":"","overlay-color":"","overlay-gradient":""},"mobile":{"background-color":"","background-image":"","background-repeat":"repeat","background-position":"center center","background-size":"auto","background-attachment":"scroll","background-type":"","background-media":"","overlay-type":"","overlay-color":"","overlay-gradient":""}},"ast-content-background-meta":{"desktop":{"background-color":"var(--ast-global-color-5)","background-image":"","background-repeat":"repeat","background-position":"center center","background-size":"auto","background-attachment":"scroll","background-type":"","background-media":"","overlay-type":"","overlay-color":"","overlay-gradient":""},"tablet":{"background-color":"var(--ast-global-color-5)","background-image":"","background-repeat":"repeat","background-position":"center center","background-size":"auto","background-attachment":"scroll","background-type":"","background-media":"","overlay-type":"","overlay-color":"","overlay-gradient":""},"mobile":{"background-color":"var(--ast-global-color-5)","background-image":"","background-repeat":"repeat","background-position":"center center","background-size":"auto","background-attachment":"scroll","background-type":"","background-media":"","overlay-type":"","overlay-color":"","overlay-gradient":""}},"footnotes":""},"_links":{"self":[{"href":"https:\/\/smrappweb.es\/index.php?rest_route=\/wp\/v2\/pages\/32"}],"collection":[{"href":"https:\/\/smrappweb.es\/index.php?rest_route=\/wp\/v2\/pages"}],"about":[{"href":"https:\/\/smrappweb.es\/index.php?rest_route=\/wp\/v2\/types\/page"}],"author":[{"embeddable":true,"href":"https:\/\/smrappweb.es\/index.php?rest_route=\/wp\/v2\/users\/1"}],"replies":[{"embeddable":true,"href":"https:\/\/smrappweb.es\/index.php?rest_route=%2Fwp%2Fv2%2Fcomments&post=32"}],"version-history":[{"count":40,"href":"https:\/\/smrappweb.es\/index.php?rest_route=\/wp\/v2\/pages\/32\/revisions"}],"predecessor-version":[{"id":1104,"href":"https:\/\/smrappweb.es\/index.php?rest_route=\/wp\/v2\/pages\/32\/revisions\/1104"}],"wp:attachment":[{"href":"https:\/\/smrappweb.es\/index.php?rest_route=%2Fwp%2Fv2%2Fmedia&parent=32"}],"curies":[{"name":"wp","href":"https:\/\/api.w.org\/{rel}","templated":true}]}}